{"id":563,"date":"2021-10-27T18:57:21","date_gmt":"2021-10-27T18:57:21","guid":{"rendered":"https:\/\/styleart.ca\/?page_id=563"},"modified":"2024-09-26T09:56:26","modified_gmt":"2024-09-26T09:56:26","slug":"mission","status":"publish","type":"page","link":"https:\/\/styleart.ca\/fr\/mission\/","title":{"rendered":"La mission"},"content":{"rendered":"<div data-elementor-type=\"wp-page\" data-elementor-id=\"563\" class=\"elementor elementor-563\">\n\t\t\t\t\t\t<section class=\"elementor-section elementor-top-section elementor-element elementor-element-81a7bcb elementor-section-stretched elementor-section-height-min-height elementor-section-boxed elementor-section-height-default elementor-section-items-middle\" data-id=\"81a7bcb\" data-element_type=\"section\" data-e-type=\"section\" data-settings=\"{&quot;stretch_section&quot;:&quot;section-stretched&quot;,&quot;background_background&quot;:&quot;classic&quot;}\">\n\t\t\t\t\t\t<div class=\"elementor-container elementor-column-gap-default\">\n\t\t\t\t\t<div class=\"aux-parallax-section elementor-column elementor-col-100 elementor-top-column elementor-element elementor-element-e2975ce\" data-id=\"e2975ce\" data-element_type=\"column\" data-e-type=\"column\">\n\t\t\t<div class=\"elementor-widget-wrap elementor-element-populated\">\n\t\t\t\t\t\t<div class=\"elementor-element elementor-element-3f83a6e elementor-widget elementor-widget-aux_modern_heading\" data-id=\"3f83a6e\" data-element_type=\"widget\" data-e-type=\"widget\" data-widget_type=\"aux_modern_heading.default\">\n\t\t\t\t<div class=\"elementor-widget-container\">\n\t\t\t\t\t<section class=\"aux-widget-modern-heading\">\n            <div class=\"aux-widget-inner\"><h2 class=\"aux-modern-heading-primary\">La mission de l'entreprise<\/h2><div class=\"aux-modern-heading-divider\"><\/div><\/div>\n        <\/section>\t\t\t\t<\/div>\n\t\t\t\t<\/div>\n\t\t\t\t<div class=\"elementor-element elementor-element-e8f1976 elementor-widget elementor-widget-aux_breadcrumbs\" data-id=\"e8f1976\" data-element_type=\"widget\" data-e-type=\"widget\" data-widget_type=\"aux_breadcrumbs.default\">\n\t\t\t\t<div class=\"elementor-widget-container\">\n\t\t\t\t\t<div class=\"aux-elementor-breadcrumbs\"><p class=\"aux-breadcrumbs\"><span><span><a href=\"https:\/\/styleart.ca\/fr\/\">Accueil<\/a><\/span><\/span><\/p><\/div>\t\t\t\t<\/div>\n\t\t\t\t<\/div>\n\t\t\t\t\t<\/div>\n\t\t<\/div>\n\t\t\t\t\t<\/div>\n\t\t<\/section>\n\t\t\t\t<section class=\"elementor-section elementor-top-section elementor-element elementor-element-ae42672 elementor-section-stretched elementor-section-content-middle elementor-section-boxed elementor-section-height-default elementor-section-height-default\" data-id=\"ae42672\" data-element_type=\"section\" data-e-type=\"section\" data-settings=\"{&quot;stretch_section&quot;:&quot;section-stretched&quot;,&quot;background_background&quot;:&quot;classic&quot;}\">\n\t\t\t\t\t\t<div class=\"elementor-container elementor-column-gap-extended\">\n\t\t\t\t\t<div class=\"aux-parallax-section elementor-column elementor-col-50 elementor-top-column elementor-element elementor-element-8504a54\" data-id=\"8504a54\" data-element_type=\"column\" data-e-type=\"column\">\n\t\t\t<div class=\"elementor-widget-wrap elementor-element-populated\">\n\t\t\t\t\t\t<div class=\"elementor-element elementor-element-4affcb8 aux-appear-watch-animation aux-fade-in-up elementor-widget elementor-widget-aux_modern_heading\" data-id=\"4affcb8\" data-element_type=\"widget\" data-e-type=\"widget\" data-widget_type=\"aux_modern_heading.default\">\n\t\t\t\t<div class=\"elementor-widget-container\">\n\t\t\t\t\t<section class=\"aux-widget-modern-heading\">\n            <div class=\"aux-widget-inner\"><h2 class=\"aux-modern-heading-primary\">NOTRE MISSION<\/h2><h3 class=\"aux-modern-heading-secondary\"><span class=\"aux-head-before\">Collaborer pour des espaces \u00e0 couper le souffle<\/span><\/h3><div class=\"aux-modern-heading-divider\"><\/div><div class=\"aux-modern-heading-description\"><p>Style &amp; Art a pour mission de collaborer pour livrer des projets de qualit\u00e9, innovants et durables, en utilisant des mat\u00e9riaux nouveaux et un design unique qui refl\u00e8te la vision du client. Il est donc primordial pour l\u2019entreprise d\u2019\u00e9tablir une relation de confiance r\u00e9ciproque tant avec les clients qu\u2019avec les collaborateurs pour cr\u00e9er des int\u00e9rieurs aussi impressionnants que fonctionnels.<\/p><p>En partageant ses vastes connaissances en ing\u00e9nierie, en art et en design, Style &amp; Art aide ses clients \u00e0 prendre des d\u00e9cisions \u00e9clair\u00e9es pour la r\u00e9ussite de leurs projets, dans le respect des \u00e9ch\u00e9ances et du budget.<\/p><p>Projets commerciaux ou institutionnels, \u00e0 grand ou petit budget, Style &amp; Art accueille tous les d\u00e9fis, car chaque projet est beau et captivant \u00e0 sa mani\u00e8re.<\/p><p><strong>Style &amp; Art<\/strong> vous offre des services complets de design d'int\u00e9rieur. Le r\u00e9seau de collaborateurs de Style &amp; Art comprend des entrepreneurs, des artistes et des fabricants qui ex\u00e9cuteront chaque projet de mani\u00e8re rigoureuse, en veillant \u00e0 ce que chaque \u00e9l\u00e9ment soit r\u00e9fl\u00e9chi et soign\u00e9. Notre \u00e9quipe vous accompagne de la conception \u00e0 la phase de mise en \u0153uvre et s\u2019assure que chaque d\u00e9tail r\u00e9pond \u00e0 vos besoins.<\/p><p>Travailler avec <strong>Style &amp; Art<\/strong> assurera un projet livr\u00e9 \u00e0 temps et dans les limites du budget.<\/p><\/div><\/div>\n        <\/section>\t\t\t\t<\/div>\n\t\t\t\t<\/div>\n\t\t\t\t\t<\/div>\n\t\t<\/div>\n\t\t\t\t<div class=\"aux-parallax-section elementor-column elementor-col-50 elementor-top-column elementor-element elementor-element-b04ff75 aux-appear-watch-animation aux-fade-in-right-1\" data-id=\"b04ff75\" data-element_type=\"column\" data-e-type=\"column\">\n\t\t\t<div class=\"elementor-widget-wrap elementor-element-populated\">\n\t\t\t\t\t\t<div class=\"elementor-element elementor-element-9c94e48 elementor-widget elementor-widget-aux_image\" data-id=\"9c94e48\" data-element_type=\"widget\" data-e-type=\"widget\" data-widget_type=\"aux_image.default\">\n\t\t\t\t<div class=\"elementor-widget-container\">\n\t\t\t\t\t<section class=\"widget-container aux-widget-image aux-alignnone aux-parent-aud73de288\">\n    <div class=\"aux-media-hint-frame\">\n        <div class=\"aux-media-image\" >\n        \n            \n\n            \n            <img fetchpriority=\"high\" decoding=\"async\" width=\"365\" height=\"700\" src=\"data:image\/gif;base64,R0lGODlhAQABAIAAAAAAAP\/\/\/yH5BAEAAAAALAAAAAABAAEAAAIBRAA7\" class=\"aux-attachment aux-featured-image aux-attachment-id-829 aux-preload aux-blank\" alt=\"About Us\" data-ratio=\"0.52\" data-original-w=\"467\" sizes=\"auto\" data-srcset=\"https:\/\/styleart.ca\/wp-content\/uploads\/2021\/11\/mission-150x288.jpg 150w,https:\/\/styleart.ca\/wp-content\/uploads\/2021\/11\/mission-300x575.jpg 300w,https:\/\/styleart.ca\/wp-content\/uploads\/2021\/11\/mission-365x700.jpg 365w\" data-src=\"https:\/\/styleart.ca\/wp-content\/uploads\/2021\/11\/mission-365x700.jpg\" \/>            \n                <\/div>\n    <\/div>\n\n<\/section><!-- widget-container -->\t\t\t\t<\/div>\n\t\t\t\t<\/div>\n\t\t\t\t\t<\/div>\n\t\t<\/div>\n\t\t\t\t\t<\/div>\n\t\t<\/section>\n\t\t\t\t<\/div>","protected":false},"excerpt":{"rendered":"<p>The company\u2019s mission OUR MISSION Collaborating for breathtaking spaces Born from the passion of the arts in all its forms, combined with a sparkling creativity and the desire to improve the well-being of our customers, it is with immense pleasure that we share our expertise and skills to assist you in creating the spaces in [&hellip;]<\/p>\n","protected":false},"author":1,"featured_media":0,"parent":0,"menu_order":0,"comment_status":"closed","ping_status":"closed","template":"templates\/page-builder-content.php","meta":{"footnotes":""},"class_list":["post-563","page","type-page","status-publish","hentry"],"yoast_head":"<!-- This site is optimized with the Yoast SEO plugin v27.4 - https:\/\/yoast.com\/product\/yoast-seo-wordpress\/ -->\n<title>Mission - Style&amp;Art Interior Design<\/title>\n<meta name=\"robots\" content=\"index, follow, max-snippet:-1, max-image-preview:large, max-video-preview:-1\" \/>\n<link rel=\"canonical\" href=\"https:\/\/styleart.ca\/fr\/mission\/\" \/>\n<meta property=\"og:locale\" content=\"fr_CA\" \/>\n<meta property=\"og:type\" content=\"article\" \/>\n<meta property=\"og:title\" content=\"Mission - Style&amp;Art Interior Design\" \/>\n<meta property=\"og:description\" content=\"The company\u2019s mission OUR MISSION Collaborating for breathtaking spaces Born from the passion of the arts in all its forms, combined with a sparkling creativity and the desire to improve the well-being of our customers, it is with immense pleasure that we share our expertise and skills to assist you in creating the spaces in [&hellip;]\" \/>\n<meta property=\"og:url\" content=\"https:\/\/styleart.ca\/fr\/mission\/\" \/>\n<meta property=\"og:site_name\" content=\"Style&amp;Art Interior Design\" \/>\n<meta property=\"article:modified_time\" content=\"2024-09-26T09:56:26+00:00\" \/>\n<meta name=\"twitter:card\" content=\"summary_large_image\" \/>\n<meta name=\"twitter:label1\" content=\"Estimation du temps de lecture\" \/>\n\t<meta name=\"twitter:data1\" content=\"2 minutes\" \/>\n<script type=\"application\/ld+json\" class=\"yoast-schema-graph\">{\"@context\":\"https:\\\/\\\/schema.org\",\"@graph\":[{\"@type\":\"WebPage\",\"@id\":\"https:\\\/\\\/styleart.ca\\\/mission\\\/\",\"url\":\"https:\\\/\\\/styleart.ca\\\/mission\\\/\",\"name\":\"Mission - Style&amp;Art Interior Design\",\"isPartOf\":{\"@id\":\"https:\\\/\\\/styleart.ca\\\/#website\"},\"datePublished\":\"2021-10-27T18:57:21+00:00\",\"dateModified\":\"2024-09-26T09:56:26+00:00\",\"breadcrumb\":{\"@id\":\"https:\\\/\\\/styleart.ca\\\/mission\\\/#breadcrumb\"},\"inLanguage\":\"fr-CA\",\"potentialAction\":[{\"@type\":\"ReadAction\",\"target\":[\"https:\\\/\\\/styleart.ca\\\/mission\\\/\"]}]},{\"@type\":\"BreadcrumbList\",\"@id\":\"https:\\\/\\\/styleart.ca\\\/mission\\\/#breadcrumb\",\"itemListElement\":[{\"@type\":\"ListItem\",\"position\":1,\"name\":\"Home\",\"item\":\"https:\\\/\\\/styleart.ca\\\/\"},{\"@type\":\"ListItem\",\"position\":2,\"name\":\"Mission\"}]},{\"@type\":\"WebSite\",\"@id\":\"https:\\\/\\\/styleart.ca\\\/#website\",\"url\":\"https:\\\/\\\/styleart.ca\\\/\",\"name\":\"Style&amp;Art Interior Design\",\"description\":\"If you dream it, we can design it.\",\"publisher\":{\"@id\":\"https:\\\/\\\/styleart.ca\\\/#organization\"},\"potentialAction\":[{\"@type\":\"SearchAction\",\"target\":{\"@type\":\"EntryPoint\",\"urlTemplate\":\"https:\\\/\\\/styleart.ca\\\/?s={search_term_string}\"},\"query-input\":{\"@type\":\"PropertyValueSpecification\",\"valueRequired\":true,\"valueName\":\"search_term_string\"}}],\"inLanguage\":\"fr-CA\"},{\"@type\":\"Organization\",\"@id\":\"https:\\\/\\\/styleart.ca\\\/#organization\",\"name\":\"Style&amp;Art Interior Design\",\"url\":\"https:\\\/\\\/styleart.ca\\\/\",\"logo\":{\"@type\":\"ImageObject\",\"inLanguage\":\"fr-CA\",\"@id\":\"https:\\\/\\\/styleart.ca\\\/#\\\/schema\\\/logo\\\/image\\\/\",\"url\":\"https:\\\/\\\/styleart.ca\\\/wp-content\\\/uploads\\\/2021\\\/10\\\/style-art-logo.png\",\"contentUrl\":\"https:\\\/\\\/styleart.ca\\\/wp-content\\\/uploads\\\/2021\\\/10\\\/style-art-logo.png\",\"width\":211,\"height\":68,\"caption\":\"Style&amp;Art Interior Design\"},\"image\":{\"@id\":\"https:\\\/\\\/styleart.ca\\\/#\\\/schema\\\/logo\\\/image\\\/\"}}]}<\/script>\n<!-- \/ Yoast SEO plugin. -->","yoast_head_json":{"title":"Mission - Style&amp;Art Interior Design","robots":{"index":"index","follow":"follow","max-snippet":"max-snippet:-1","max-image-preview":"max-image-preview:large","max-video-preview":"max-video-preview:-1"},"canonical":"https:\/\/styleart.ca\/fr\/mission\/","og_locale":"fr_CA","og_type":"article","og_title":"Mission - Style&amp;Art Interior Design","og_description":"The company\u2019s mission OUR MISSION Collaborating for breathtaking spaces Born from the passion of the arts in all its forms, combined with a sparkling creativity and the desire to improve the well-being of our customers, it is with immense pleasure that we share our expertise and skills to assist you in creating the spaces in [&hellip;]","og_url":"https:\/\/styleart.ca\/fr\/mission\/","og_site_name":"Style&amp;Art Interior Design","article_modified_time":"2024-09-26T09:56:26+00:00","twitter_card":"summary_large_image","twitter_misc":{"Estimation du temps de lecture":"2 minutes"},"schema":{"@context":"https:\/\/schema.org","@graph":[{"@type":"WebPage","@id":"https:\/\/styleart.ca\/mission\/","url":"https:\/\/styleart.ca\/mission\/","name":"Mission - Style&amp;Art Interior Design","isPartOf":{"@id":"https:\/\/styleart.ca\/#website"},"datePublished":"2021-10-27T18:57:21+00:00","dateModified":"2024-09-26T09:56:26+00:00","breadcrumb":{"@id":"https:\/\/styleart.ca\/mission\/#breadcrumb"},"inLanguage":"fr-CA","potentialAction":[{"@type":"ReadAction","target":["https:\/\/styleart.ca\/mission\/"]}]},{"@type":"BreadcrumbList","@id":"https:\/\/styleart.ca\/mission\/#breadcrumb","itemListElement":[{"@type":"ListItem","position":1,"name":"Home","item":"https:\/\/styleart.ca\/"},{"@type":"ListItem","position":2,"name":"Mission"}]},{"@type":"WebSite","@id":"https:\/\/styleart.ca\/#website","url":"https:\/\/styleart.ca\/","name":"Style&amp;Art Design D'Interieur","description":"Si vous le r\u00eavez, nous pouvons le concevoir.","publisher":{"@id":"https:\/\/styleart.ca\/#organization"},"potentialAction":[{"@type":"SearchAction","target":{"@type":"EntryPoint","urlTemplate":"https:\/\/styleart.ca\/?s={search_term_string}"},"query-input":{"@type":"PropertyValueSpecification","valueRequired":true,"valueName":"search_term_string"}}],"inLanguage":"fr-CA"},{"@type":"Organization","@id":"https:\/\/styleart.ca\/#organization","name":"Style&amp;Art Design D'Interieur","url":"https:\/\/styleart.ca\/","logo":{"@type":"ImageObject","inLanguage":"fr-CA","@id":"https:\/\/styleart.ca\/#\/schema\/logo\/image\/","url":"https:\/\/styleart.ca\/wp-content\/uploads\/2021\/10\/style-art-logo.png","contentUrl":"https:\/\/styleart.ca\/wp-content\/uploads\/2021\/10\/style-art-logo.png","width":211,"height":68,"caption":"Style&amp;Art Interior Design"},"image":{"@id":"https:\/\/styleart.ca\/#\/schema\/logo\/image\/"}}]}},"_links":{"self":[{"href":"https:\/\/styleart.ca\/fr\/wp-json\/wp\/v2\/pages\/563","targetHints":{"allow":["GET"]}}],"collection":[{"href":"https:\/\/styleart.ca\/fr\/wp-json\/wp\/v2\/pages"}],"about":[{"href":"https:\/\/styleart.ca\/fr\/wp-json\/wp\/v2\/types\/page"}],"author":[{"embeddable":true,"href":"https:\/\/styleart.ca\/fr\/wp-json\/wp\/v2\/users\/1"}],"replies":[{"embeddable":true,"href":"https:\/\/styleart.ca\/fr\/wp-json\/wp\/v2\/comments?post=563"}],"version-history":[{"count":39,"href":"https:\/\/styleart.ca\/fr\/wp-json\/wp\/v2\/pages\/563\/revisions"}],"predecessor-version":[{"id":1583,"href":"https:\/\/styleart.ca\/fr\/wp-json\/wp\/v2\/pages\/563\/revisions\/1583"}],"wp:attachment":[{"href":"https:\/\/styleart.ca\/fr\/wp-json\/wp\/v2\/media?parent=563"}],"curies":[{"name":"wp","href":"https:\/\/api.w.org\/{rel}","templated":true}]}}