{"id":84,"date":"2018-06-19T10:45:59","date_gmt":"2018-06-19T10:45:59","guid":{"rendered":"https:\/\/styleart.ca\/services\/"},"modified":"2021-11-08T08:50:43","modified_gmt":"2021-11-08T08:50:43","slug":"services","status":"publish","type":"page","link":"https:\/\/styleart.ca\/fr\/services\/","title":{"rendered":"Services"},"content":{"rendered":"<div data-elementor-type=\"wp-post\" data-elementor-id=\"84\" class=\"elementor elementor-84\">\n\t\t\t\t\t\t<section class=\"elementor-section elementor-top-section elementor-element elementor-element-1e368268 elementor-section-stretched elementor-section-content-middle elementor-section-boxed elementor-section-height-default elementor-section-height-default\" data-id=\"1e368268\" data-element_type=\"section\" data-e-type=\"section\" data-settings=\"{&quot;stretch_section&quot;:&quot;section-stretched&quot;,&quot;background_background&quot;:&quot;classic&quot;}\">\n\t\t\t\t\t\t<div class=\"elementor-container elementor-column-gap-extended\">\n\t\t\t\t\t<div class=\"aux-parallax-section elementor-column elementor-col-50 elementor-top-column elementor-element elementor-element-3f63a34c\" data-id=\"3f63a34c\" data-element_type=\"column\" data-e-type=\"column\">\n\t\t\t<div class=\"elementor-widget-wrap elementor-element-populated\">\n\t\t\t\t\t\t<div class=\"elementor-element elementor-element-78e02f8 elementor-widget elementor-widget-aux_breadcrumbs\" data-id=\"78e02f8\" data-element_type=\"widget\" data-e-type=\"widget\" data-widget_type=\"aux_breadcrumbs.default\">\n\t\t\t\t<div class=\"elementor-widget-container\">\n\t\t\t\t\t<div class=\"aux-elementor-breadcrumbs\"><p class=\"aux-breadcrumbs\"><span><span><a href=\"https:\/\/styleart.ca\/fr\/\">Accueil<\/a><\/span><\/span><\/p><\/div>\t\t\t\t<\/div>\n\t\t\t\t<\/div>\n\t\t\t\t<div class=\"elementor-element elementor-element-18daea5 elementor-widget elementor-widget-aux_modern_heading\" data-id=\"18daea5\" data-element_type=\"widget\" data-e-type=\"widget\" data-widget_type=\"aux_modern_heading.default\">\n\t\t\t\t<div class=\"elementor-widget-container\">\n\t\t\t\t\t<section class=\"aux-widget-modern-heading\">\n            <div class=\"aux-widget-inner\"><h2 class=\"aux-modern-heading-primary\">Services<\/h2><\/div>\n        <\/section>\t\t\t\t<\/div>\n\t\t\t\t<\/div>\n\t\t\t\t<div class=\"elementor-element elementor-element-79943560 aux-appear-watch-animation aux-fade-in-up elementor-widget elementor-widget-aux_modern_heading\" data-id=\"79943560\" data-element_type=\"widget\" data-e-type=\"widget\" data-widget_type=\"aux_modern_heading.default\">\n\t\t\t\t<div class=\"elementor-widget-container\">\n\t\t\t\t\t<section class=\"aux-widget-modern-heading\">\n            <div class=\"aux-widget-inner\"><h4 class=\"aux-modern-heading-primary\">NOTRE APPROCHE<\/h4><h3 class=\"aux-modern-heading-secondary\"><span class=\"aux-head-before\">Rigueur et souci du d\u00e9tail \u00e0 chaque \u00e9tape<\/span><\/h3><div class=\"aux-modern-heading-divider\"><\/div><div class=\"aux-modern-heading-description\"><p>Appuy\u00e9 par une \u00e9quipe de professionnels passionn\u00e9s, Style &amp; Art offre un ensemble de services de design d\u2019int\u00e9rieur pour livrer un projet d\u2019am\u00e9nagement cl\u00e9 en main.<\/p><p>Style &amp; Art prend le temps de comprendre les valeurs organisationnelles de ses clients afin de cr\u00e9er des espaces innovants et distinctifs qui favorisent \u00e0 la fois la productivit\u00e9 et le bien-\u00eatre des usagers.<\/p><p>L\u2019entreprise maintient \u00e9galement une communication fluide et continue avec les clients tout au long du processus de projet.<\/p><\/div><\/div>\n        <\/section>\t\t\t\t<\/div>\n\t\t\t\t<\/div>\n\t\t\t\t\t<\/div>\n\t\t<\/div>\n\t\t\t\t<div class=\"aux-parallax-section elementor-column elementor-col-50 elementor-top-column elementor-element elementor-element-69b24ffb aux-appear-watch-animation aux-fade-in-right-1\" data-id=\"69b24ffb\" data-element_type=\"column\" data-e-type=\"column\">\n\t\t\t<div class=\"elementor-widget-wrap elementor-element-populated\">\n\t\t\t\t\t\t<div class=\"elementor-element elementor-element-701db6fa elementor-invisible elementor-widget elementor-widget-aux_image\" data-id=\"701db6fa\" data-element_type=\"widget\" data-e-type=\"widget\" data-settings=\"{&quot;_animation&quot;:&quot;slideInLeft&quot;}\" data-widget_type=\"aux_image.default\">\n\t\t\t\t<div class=\"elementor-widget-container\">\n\t\t\t\t\t<section class=\"widget-container aux-widget-image aux-alignnone aux-parent-au60becdf4\">\n    <div class=\"aux-media-hint-frame\">\n        <div class=\"aux-media-image\" >\n        \n            \n\n            \n            <img fetchpriority=\"high\" decoding=\"async\" width=\"365\" height=\"700\" src=\"data:image\/gif;base64,R0lGODlhAQABAIAAAAAAAP\/\/\/yH5BAEAAAAALAAAAAABAAEAAAIBRAA7\" class=\"aux-attachment aux-featured-image aux-attachment-id-540 aux-preload aux-blank\" alt=\"Services - team\" data-ratio=\"0.52\" data-original-w=\"467\" sizes=\"auto\" data-srcset=\"https:\/\/styleart.ca\/wp-content\/uploads\/2021\/10\/services-team-150x288.jpg 150w,https:\/\/styleart.ca\/wp-content\/uploads\/2021\/10\/services-team-300x575.jpg 300w,https:\/\/styleart.ca\/wp-content\/uploads\/2021\/10\/services-team-365x700.jpg 365w\" data-src=\"https:\/\/styleart.ca\/wp-content\/uploads\/2021\/10\/services-team-365x700.jpg\" \/>            \n                <\/div>\n    <\/div>\n\n<\/section><!-- widget-container -->\t\t\t\t<\/div>\n\t\t\t\t<\/div>\n\t\t\t\t\t<\/div>\n\t\t<\/div>\n\t\t\t\t\t<\/div>\n\t\t<\/section>\n\t\t\t\t<section class=\"elementor-section elementor-top-section elementor-element elementor-element-dcda896 elementor-section-stretched elementor-section-content-middle elementor-section-boxed elementor-section-height-default elementor-section-height-default\" data-id=\"dcda896\" data-element_type=\"section\" data-e-type=\"section\" data-settings=\"{&quot;stretch_section&quot;:&quot;section-stretched&quot;,&quot;background_background&quot;:&quot;classic&quot;}\">\n\t\t\t\t\t\t<div class=\"elementor-container elementor-column-gap-extended\">\n\t\t\t\t\t<div class=\"aux-parallax-section elementor-column elementor-col-100 elementor-top-column elementor-element elementor-element-52e4ebb\" data-id=\"52e4ebb\" data-element_type=\"column\" data-e-type=\"column\">\n\t\t\t<div class=\"elementor-widget-wrap elementor-element-populated\">\n\t\t\t\t\t\t<div class=\"elementor-element elementor-element-c19d5a8 aux-appear-watch-animation aux-fade-in-up elementor-widget elementor-widget-aux_modern_heading\" data-id=\"c19d5a8\" data-element_type=\"widget\" data-e-type=\"widget\" data-widget_type=\"aux_modern_heading.default\">\n\t\t\t\t<div class=\"elementor-widget-container\">\n\t\t\t\t\t<section class=\"aux-widget-modern-heading\">\n            <div class=\"aux-widget-inner\"><h2 class=\"aux-modern-heading-primary\"><\/h2><h3 class=\"aux-modern-heading-secondary\"><span class=\"aux-head-before\">Les 6 \u00e9tapes d\u2019un projet de design d\u2019int\u00e9rieur r\u00e9ussi<\/span><\/h3><div class=\"aux-modern-heading-divider\"><\/div><div class=\"aux-modern-heading-description\"><p>Lors de la premi\u00e8re rencontre, les besoins sp\u00e9cifiques, les attentes et les contraintes existantes sont discut\u00e9s en d\u00e9tail.<\/p><\/div><\/div>\n        <\/section>\t\t\t\t<\/div>\n\t\t\t\t<\/div>\n\t\t\t\t<section class=\"elementor-section elementor-inner-section elementor-element elementor-element-b31c148 elementor-section-full_width elementor-section-height-default elementor-section-height-default\" data-id=\"b31c148\" data-element_type=\"section\" data-e-type=\"section\">\n\t\t\t\t\t\t<div class=\"elementor-container elementor-column-gap-wider\">\n\t\t\t\t\t<div class=\"aux-parallax-section elementor-column elementor-col-25 elementor-inner-column elementor-element elementor-element-ec375ca aux-appear-watch-animation aux-fade-in-right-1\" data-id=\"ec375ca\" data-element_type=\"column\" data-e-type=\"column\">\n\t\t\t<div class=\"elementor-widget-wrap elementor-element-populated\">\n\t\t\t\t\t\t<div class=\"elementor-element elementor-element-0208948 elementor-widget elementor-widget-aux_modern_heading\" data-id=\"0208948\" data-element_type=\"widget\" data-e-type=\"widget\" data-widget_type=\"aux_modern_heading.default\">\n\t\t\t\t<div class=\"elementor-widget-container\">\n\t\t\t\t\t<section class=\"aux-widget-modern-heading\">\n            <div class=\"aux-widget-inner\"><h6 class=\"aux-modern-heading-primary\">1<\/h6><h6 class=\"aux-modern-heading-secondary\"><span class=\"aux-head-before\">Analyse et \u00e9tude des besoins<\/span><\/h6><div class=\"aux-modern-heading-description\"><ul class=\"square\">\n \t<li style=\"text-align: left\">Inventaire du mobilier et des \u00e9quipements si n\u00e9cessaire.<\/li>\n \t<li style=\"text-align: left\">\u00c9tablissement des objectifs financiers et planification d\u2019un \u00e9ch\u00e9ancier de travail.<\/li>\n \t<li style=\"text-align: left\">Clarification des param\u00e8tres du mandat et de ses \u00e9tapes.<\/li>\n<\/ul><\/div><\/div>\n        <\/section>\t\t\t\t<\/div>\n\t\t\t\t<\/div>\n\t\t\t\t\t<\/div>\n\t\t<\/div>\n\t\t\t\t<div class=\"aux-parallax-section elementor-column elementor-col-25 elementor-inner-column elementor-element elementor-element-beef085 aux-appear-watch-animation aux-fade-in-right-1\" data-id=\"beef085\" data-element_type=\"column\" data-e-type=\"column\">\n\t\t\t<div class=\"elementor-widget-wrap elementor-element-populated\">\n\t\t\t\t\t\t<div class=\"elementor-element elementor-element-f74157e elementor-widget elementor-widget-aux_modern_heading\" data-id=\"f74157e\" data-element_type=\"widget\" data-e-type=\"widget\" data-widget_type=\"aux_modern_heading.default\">\n\t\t\t\t<div class=\"elementor-widget-container\">\n\t\t\t\t\t<section class=\"aux-widget-modern-heading\">\n            <div class=\"aux-widget-inner\"><h6 class=\"aux-modern-heading-primary\">2<\/h6><h6 class=\"aux-modern-heading-secondary\"><span class=\"aux-head-before\">Planification pr\u00e9liminaire<\/span><\/h6><div class=\"aux-modern-heading-description\"><ul class=\"square\">\n \t<li style=\"text-align: left\">Collecte des documents et identification des contraintes architecturales concernant les zones \u00e0 am\u00e9nager.<\/li>\n \t<li style=\"text-align: left\">Identification des nouvelles tendances en am\u00e9nagement.<\/li>\n \t<li style=\"text-align: left\">Relev\u00e9 des dimensions de l\u2019espace, mise en plan de l\u2019espace existant.<\/li>\n \t<li style=\"text-align: left\">Plan d\u2019am\u00e9nagement pr\u00e9liminaire.<\/li>\n \t<li style=\"text-align: left\">Pr\u00e9sentation pr\u00e9liminaire.<\/li>\n<\/ul><\/div><\/div>\n        <\/section>\t\t\t\t<\/div>\n\t\t\t\t<\/div>\n\t\t\t\t\t<\/div>\n\t\t<\/div>\n\t\t\t\t<div class=\"aux-parallax-section elementor-column elementor-col-25 elementor-inner-column elementor-element elementor-element-07dc2a6 aux-appear-watch-animation aux-fade-in-right-1\" data-id=\"07dc2a6\" data-element_type=\"column\" data-e-type=\"column\">\n\t\t\t<div class=\"elementor-widget-wrap elementor-element-populated\">\n\t\t\t\t\t\t<div class=\"elementor-element elementor-element-0353ab2 elementor-widget elementor-widget-aux_modern_heading\" data-id=\"0353ab2\" data-element_type=\"widget\" data-e-type=\"widget\" data-widget_type=\"aux_modern_heading.default\">\n\t\t\t\t<div class=\"elementor-widget-container\">\n\t\t\t\t\t<section class=\"aux-widget-modern-heading\">\n            <div class=\"aux-widget-inner\"><h6 class=\"aux-modern-heading-primary\">3<\/h6><h6 class=\"aux-modern-heading-secondary\"><span class=\"aux-head-before\">D\u00e9veloppement du concept<\/span><\/h6><div class=\"aux-modern-heading-description\"><ul class=\"square\">\n \t<li style=\"text-align: left\">Recherche et sp\u00e9cifications de mat\u00e9riaux, de mobilier, de finis, de couleurs et accessoires.<\/li>\n \t<li style=\"text-align: left\">Concept d\u2019\u00e9clairage et proposition de luminaires.<\/li>\n \t<li style=\"text-align: left\">Traitement des plafonds.<\/li>\n \t<li style=\"text-align: left\">Repr\u00e9sentations visuelles et images 3D n\u00e9cessaires \u00e0 la compr\u00e9hension du concept.<\/li>\n \t<li style=\"text-align: left\">Plans techniques et devis d\u2019ex\u00e9cution.<\/li>\n<\/ul><\/div><\/div>\n        <\/section>\t\t\t\t<\/div>\n\t\t\t\t<\/div>\n\t\t\t\t\t<\/div>\n\t\t<\/div>\n\t\t\t\t<div class=\"aux-parallax-section elementor-column elementor-col-25 elementor-inner-column elementor-element elementor-element-ce6d3d9 aux-appear-watch-animation aux-fade-in-right-1\" data-id=\"ce6d3d9\" data-element_type=\"column\" data-e-type=\"column\">\n\t\t\t<div class=\"elementor-widget-wrap elementor-element-populated\">\n\t\t\t\t\t\t<div class=\"elementor-element elementor-element-3c5fa40 elementor-widget elementor-widget-aux_modern_heading\" data-id=\"3c5fa40\" data-element_type=\"widget\" data-e-type=\"widget\" data-widget_type=\"aux_modern_heading.default\">\n\t\t\t\t<div class=\"elementor-widget-container\">\n\t\t\t\t\t<section class=\"aux-widget-modern-heading\">\n            <div class=\"aux-widget-inner\"><h6 class=\"aux-modern-heading-primary\">4<\/h6><h6 class=\"aux-modern-heading-secondary\"><span class=\"aux-head-before\">Permis de construction<\/span><\/h6><div class=\"aux-modern-heading-description\"><ul class=\"square\">\n \t<li style=\"text-align: left\">Production des plans et devis de construction n\u00e9cessaires \u00e0 la demande du permis de construction.<\/li>\n<\/ul><\/div><\/div>\n        <\/section>\t\t\t\t<\/div>\n\t\t\t\t<\/div>\n\t\t\t\t\t<\/div>\n\t\t<\/div>\n\t\t\t\t\t<\/div>\n\t\t<\/section>\n\t\t\t\t<section class=\"elementor-section elementor-inner-section elementor-element elementor-element-09507e3 elementor-section-full_width elementor-section-height-default elementor-section-height-default\" data-id=\"09507e3\" data-element_type=\"section\" data-e-type=\"section\">\n\t\t\t\t\t\t<div class=\"elementor-container elementor-column-gap-wider\">\n\t\t\t\t\t<div class=\"aux-parallax-section elementor-column elementor-col-25 elementor-inner-column elementor-element elementor-element-7662b22 aux-appear-watch-animation aux-fade-in-right-1\" data-id=\"7662b22\" data-element_type=\"column\" data-e-type=\"column\">\n\t\t\t<div class=\"elementor-widget-wrap elementor-element-populated\">\n\t\t\t\t\t\t<div class=\"elementor-element elementor-element-53b0587 elementor-widget elementor-widget-aux_modern_heading\" data-id=\"53b0587\" data-element_type=\"widget\" data-e-type=\"widget\" data-widget_type=\"aux_modern_heading.default\">\n\t\t\t\t<div class=\"elementor-widget-container\">\n\t\t\t\t\t<section class=\"aux-widget-modern-heading\">\n            <div class=\"aux-widget-inner\"><h6 class=\"aux-modern-heading-primary\">5<\/h6><h6 class=\"aux-modern-heading-secondary\"><span class=\"aux-head-before\">Appel d\u2019offres<\/span><\/h6><div class=\"aux-modern-heading-description\"><ul class=\"square\">\n \t<li style=\"text-align: left\">Pr\u00e9paration de documents d\u2019appels d\u2019offres et transmission des plans aux soumissionnaires s\u00e9lectionn\u00e9s.<\/li>\n \t<li style=\"text-align: left\">\u00c9valuation des offres re\u00e7ues<\/li>\n \t<li style=\"text-align: left\">Conseils dans le choix des soumissionnaires<\/li>\n \t<li style=\"text-align: left\">Ouverture des devis avec le client et recommandations.<\/li>\n \t<li style=\"text-align: left\">S\u00e9lection de l'entrepreneur choisi avec le client.<\/li>\n \t<li style=\"text-align: left\">Annonce aux ench\u00e9risseurs de la d\u00e9cision du client.<\/li>\n<\/ul><\/div><\/div>\n        <\/section>\t\t\t\t<\/div>\n\t\t\t\t<\/div>\n\t\t\t\t\t<\/div>\n\t\t<\/div>\n\t\t\t\t<div class=\"aux-parallax-section elementor-column elementor-col-25 elementor-inner-column elementor-element elementor-element-008c9d1 aux-appear-watch-animation aux-fade-in-right-1\" data-id=\"008c9d1\" data-element_type=\"column\" data-e-type=\"column\">\n\t\t\t<div class=\"elementor-widget-wrap elementor-element-populated\">\n\t\t\t\t\t\t<div class=\"elementor-element elementor-element-70e2b21 elementor-widget elementor-widget-aux_modern_heading\" data-id=\"70e2b21\" data-element_type=\"widget\" data-e-type=\"widget\" data-widget_type=\"aux_modern_heading.default\">\n\t\t\t\t<div class=\"elementor-widget-container\">\n\t\t\t\t\t<section class=\"aux-widget-modern-heading\">\n            <div class=\"aux-widget-inner\"><h6 class=\"aux-modern-heading-primary\">6<\/h6><h6 class=\"aux-modern-heading-secondary\"><span class=\"aux-head-before\">Coordination et visites de chantier<\/span><\/h6><div class=\"aux-modern-heading-description\"><ul class=\"square\">\n \t<li style=\"text-align: left\">Coordination permanente avec les professionnels et le client.<\/li>\n \t<li style=\"text-align: left\">Visites de chantier.<\/li>\n \t<li style=\"text-align: left\">V\u00e9rification et approbation des dessins d'atelier li\u00e9s aux plans de conception.<\/li>\n \t<li style=\"text-align: left\">Pr\u00e9paration des rapports de chantier.<\/li>\n \t<li style=\"text-align: left\">Inspection finale et liste de d\u00e9ficiences.<\/li>\n \t<li style=\"text-align: left\">Pr\u00e9paration du certificat d\u2019ach\u00e8vement des travaux.<\/li>\n<\/ul><\/div><\/div>\n        <\/section>\t\t\t\t<\/div>\n\t\t\t\t<\/div>\n\t\t\t\t\t<\/div>\n\t\t<\/div>\n\t\t\t\t<div class=\"aux-parallax-section elementor-column elementor-col-25 elementor-inner-column elementor-element elementor-element-e922570 aux-appear-watch-animation aux-fade-in-right-1\" data-id=\"e922570\" data-element_type=\"column\" data-e-type=\"column\">\n\t\t\t<div class=\"elementor-widget-wrap elementor-element-populated\">\n\t\t\t\t\t\t<div class=\"elementor-element elementor-element-7fb8bee elementor-widget elementor-widget-aux_modern_heading\" data-id=\"7fb8bee\" data-element_type=\"widget\" data-e-type=\"widget\" data-widget_type=\"aux_modern_heading.default\">\n\t\t\t\t<div class=\"elementor-widget-container\">\n\t\t\t\t\t<section class=\"aux-widget-modern-heading\">\n            <div class=\"aux-widget-inner\"><h6 class=\"aux-modern-heading-primary\">7<\/h6><h6 class=\"aux-modern-heading-secondary\"><span class=\"aux-head-before\">Services additionnels<\/span><\/h6><div class=\"aux-modern-heading-description\"><ul class=\"square\">\n \t<li style=\"text-align: left\">Estimation pr\u00e9liminaire des co\u00fbts de la construction<\/li>\n \t<li style=\"text-align: left\">Rendus 3D<\/li>\n \t<li style=\"text-align: left\">Services d\u2019un architecte consultant pour obtenir les permis de   construction<\/li>\n<\/ul><\/div><\/div>\n        <\/section>\t\t\t\t<\/div>\n\t\t\t\t<\/div>\n\t\t\t\t\t<\/div>\n\t\t<\/div>\n\t\t\t\t<div class=\"aux-parallax-section elementor-column elementor-col-25 elementor-inner-column elementor-element elementor-element-15a8ae4 aux-appear-watch-animation aux-fade-in-right-1\" data-id=\"15a8ae4\" data-element_type=\"column\" data-e-type=\"column\">\n\t\t\t<div class=\"elementor-widget-wrap\">\n\t\t\t\t\t\t\t<\/div>\n\t\t<\/div>\n\t\t\t\t\t<\/div>\n\t\t<\/section>\n\t\t\t\t\t<\/div>\n\t\t<\/div>\n\t\t\t\t\t<\/div>\n\t\t<\/section>\n\t\t\t\t<\/div>","protected":false},"excerpt":{"rendered":"<p>Home Services OUR APPROACH Rigor and attention to detail at every stage Style &amp; Art Inc offers you a set of services with the support of a team of passionate professionals, with solid expertise in delivering turnkey project, while keeping you always informed. Style &amp; Art takes the time to get to know you, to [&hellip;]<\/p>\n","protected":false},"author":1,"featured_media":0,"parent":0,"menu_order":0,"comment_status":"closed","ping_status":"closed","template":"templates\/page-builder-content.php","meta":{"footnotes":""},"class_list":["post-84","page","type-page","status-publish","hentry"],"yoast_head":"<!-- This site is optimized with the Yoast SEO plugin v27.4 - https:\/\/yoast.com\/product\/yoast-seo-wordpress\/ -->\n<title>Services - Style&amp;Art Interior Design<\/title>\n<meta name=\"robots\" content=\"index, follow, max-snippet:-1, max-image-preview:large, max-video-preview:-1\" \/>\n<link rel=\"canonical\" href=\"https:\/\/styleart.ca\/fr\/services\/\" \/>\n<meta property=\"og:locale\" content=\"fr_CA\" \/>\n<meta property=\"og:type\" content=\"article\" \/>\n<meta property=\"og:title\" content=\"Services - Style&amp;Art Interior Design\" \/>\n<meta property=\"og:description\" content=\"Home Services OUR APPROACH Rigor and attention to detail at every stage Style &amp; Art Inc offers you a set of services with the support of a team of passionate professionals, with solid expertise in delivering turnkey project, while keeping you always informed. Style &amp; Art takes the time to get to know you, to [&hellip;]\" \/>\n<meta property=\"og:url\" content=\"https:\/\/styleart.ca\/fr\/services\/\" \/>\n<meta property=\"og:site_name\" content=\"Style&amp;Art Interior Design\" \/>\n<meta property=\"article:modified_time\" content=\"2021-11-08T08:50:43+00:00\" \/>\n<meta name=\"twitter:card\" content=\"summary_large_image\" \/>\n<meta name=\"twitter:label1\" content=\"Estimation du temps de lecture\" \/>\n\t<meta name=\"twitter:data1\" content=\"2 minutes\" \/>\n<script type=\"application\/ld+json\" class=\"yoast-schema-graph\">{\"@context\":\"https:\\\/\\\/schema.org\",\"@graph\":[{\"@type\":\"WebPage\",\"@id\":\"https:\\\/\\\/styleart.ca\\\/services\\\/\",\"url\":\"https:\\\/\\\/styleart.ca\\\/services\\\/\",\"name\":\"Services - Style&amp;Art Interior Design\",\"isPartOf\":{\"@id\":\"https:\\\/\\\/styleart.ca\\\/#website\"},\"datePublished\":\"2018-06-19T10:45:59+00:00\",\"dateModified\":\"2021-11-08T08:50:43+00:00\",\"breadcrumb\":{\"@id\":\"https:\\\/\\\/styleart.ca\\\/services\\\/#breadcrumb\"},\"inLanguage\":\"fr-CA\",\"potentialAction\":[{\"@type\":\"ReadAction\",\"target\":[\"https:\\\/\\\/styleart.ca\\\/services\\\/\"]}]},{\"@type\":\"BreadcrumbList\",\"@id\":\"https:\\\/\\\/styleart.ca\\\/services\\\/#breadcrumb\",\"itemListElement\":[{\"@type\":\"ListItem\",\"position\":1,\"name\":\"Home\",\"item\":\"https:\\\/\\\/styleart.ca\\\/\"},{\"@type\":\"ListItem\",\"position\":2,\"name\":\"Services\"}]},{\"@type\":\"WebSite\",\"@id\":\"https:\\\/\\\/styleart.ca\\\/#website\",\"url\":\"https:\\\/\\\/styleart.ca\\\/\",\"name\":\"Style&amp;Art Interior Design\",\"description\":\"If you dream it, we can design it.\",\"publisher\":{\"@id\":\"https:\\\/\\\/styleart.ca\\\/#organization\"},\"potentialAction\":[{\"@type\":\"SearchAction\",\"target\":{\"@type\":\"EntryPoint\",\"urlTemplate\":\"https:\\\/\\\/styleart.ca\\\/?s={search_term_string}\"},\"query-input\":{\"@type\":\"PropertyValueSpecification\",\"valueRequired\":true,\"valueName\":\"search_term_string\"}}],\"inLanguage\":\"fr-CA\"},{\"@type\":\"Organization\",\"@id\":\"https:\\\/\\\/styleart.ca\\\/#organization\",\"name\":\"Style&amp;Art Interior Design\",\"url\":\"https:\\\/\\\/styleart.ca\\\/\",\"logo\":{\"@type\":\"ImageObject\",\"inLanguage\":\"fr-CA\",\"@id\":\"https:\\\/\\\/styleart.ca\\\/#\\\/schema\\\/logo\\\/image\\\/\",\"url\":\"https:\\\/\\\/styleart.ca\\\/wp-content\\\/uploads\\\/2021\\\/10\\\/style-art-logo.png\",\"contentUrl\":\"https:\\\/\\\/styleart.ca\\\/wp-content\\\/uploads\\\/2021\\\/10\\\/style-art-logo.png\",\"width\":211,\"height\":68,\"caption\":\"Style&amp;Art Interior Design\"},\"image\":{\"@id\":\"https:\\\/\\\/styleart.ca\\\/#\\\/schema\\\/logo\\\/image\\\/\"}}]}<\/script>\n<!-- \/ Yoast SEO plugin. -->","yoast_head_json":{"title":"Services - Style&amp;Art Interior Design","robots":{"index":"index","follow":"follow","max-snippet":"max-snippet:-1","max-image-preview":"max-image-preview:large","max-video-preview":"max-video-preview:-1"},"canonical":"https:\/\/styleart.ca\/fr\/services\/","og_locale":"fr_CA","og_type":"article","og_title":"Services - Style&amp;Art Interior Design","og_description":"Home Services OUR APPROACH Rigor and attention to detail at every stage Style &amp; Art Inc offers you a set of services with the support of a team of passionate professionals, with solid expertise in delivering turnkey project, while keeping you always informed. Style &amp; Art takes the time to get to know you, to [&hellip;]","og_url":"https:\/\/styleart.ca\/fr\/services\/","og_site_name":"Style&amp;Art Interior Design","article_modified_time":"2021-11-08T08:50:43+00:00","twitter_card":"summary_large_image","twitter_misc":{"Estimation du temps de lecture":"2 minutes"},"schema":{"@context":"https:\/\/schema.org","@graph":[{"@type":"WebPage","@id":"https:\/\/styleart.ca\/services\/","url":"https:\/\/styleart.ca\/services\/","name":"Services - Style&amp;Art Interior Design","isPartOf":{"@id":"https:\/\/styleart.ca\/#website"},"datePublished":"2018-06-19T10:45:59+00:00","dateModified":"2021-11-08T08:50:43+00:00","breadcrumb":{"@id":"https:\/\/styleart.ca\/services\/#breadcrumb"},"inLanguage":"fr-CA","potentialAction":[{"@type":"ReadAction","target":["https:\/\/styleart.ca\/services\/"]}]},{"@type":"BreadcrumbList","@id":"https:\/\/styleart.ca\/services\/#breadcrumb","itemListElement":[{"@type":"ListItem","position":1,"name":"Home","item":"https:\/\/styleart.ca\/"},{"@type":"ListItem","position":2,"name":"Services"}]},{"@type":"WebSite","@id":"https:\/\/styleart.ca\/#website","url":"https:\/\/styleart.ca\/","name":"Style&amp;Art Design D'Interieur","description":"Si vous le r\u00eavez, nous pouvons le concevoir.","publisher":{"@id":"https:\/\/styleart.ca\/#organization"},"potentialAction":[{"@type":"SearchAction","target":{"@type":"EntryPoint","urlTemplate":"https:\/\/styleart.ca\/?s={search_term_string}"},"query-input":{"@type":"PropertyValueSpecification","valueRequired":true,"valueName":"search_term_string"}}],"inLanguage":"fr-CA"},{"@type":"Organization","@id":"https:\/\/styleart.ca\/#organization","name":"Style&amp;Art Design D'Interieur","url":"https:\/\/styleart.ca\/","logo":{"@type":"ImageObject","inLanguage":"fr-CA","@id":"https:\/\/styleart.ca\/#\/schema\/logo\/image\/","url":"https:\/\/styleart.ca\/wp-content\/uploads\/2021\/10\/style-art-logo.png","contentUrl":"https:\/\/styleart.ca\/wp-content\/uploads\/2021\/10\/style-art-logo.png","width":211,"height":68,"caption":"Style&amp;Art Interior Design"},"image":{"@id":"https:\/\/styleart.ca\/#\/schema\/logo\/image\/"}}]}},"_links":{"self":[{"href":"https:\/\/styleart.ca\/fr\/wp-json\/wp\/v2\/pages\/84","targetHints":{"allow":["GET"]}}],"collection":[{"href":"https:\/\/styleart.ca\/fr\/wp-json\/wp\/v2\/pages"}],"about":[{"href":"https:\/\/styleart.ca\/fr\/wp-json\/wp\/v2\/types\/page"}],"author":[{"embeddable":true,"href":"https:\/\/styleart.ca\/fr\/wp-json\/wp\/v2\/users\/1"}],"replies":[{"embeddable":true,"href":"https:\/\/styleart.ca\/fr\/wp-json\/wp\/v2\/comments?post=84"}],"version-history":[{"count":184,"href":"https:\/\/styleart.ca\/fr\/wp-json\/wp\/v2\/pages\/84\/revisions"}],"predecessor-version":[{"id":1046,"href":"https:\/\/styleart.ca\/fr\/wp-json\/wp\/v2\/pages\/84\/revisions\/1046"}],"wp:attachment":[{"href":"https:\/\/styleart.ca\/fr\/wp-json\/wp\/v2\/media?parent=84"}],"curies":[{"name":"wp","href":"https:\/\/api.w.org\/{rel}","templated":true}]}}