{"id":86,"date":"2018-06-19T10:44:49","date_gmt":"2018-06-19T10:44:49","guid":{"rendered":"https:\/\/styleart.ca\/contact-us\/"},"modified":"2021-12-05T20:41:31","modified_gmt":"2021-12-05T20:41:31","slug":"contact-us","status":"publish","type":"page","link":"https:\/\/styleart.ca\/fr\/contact-us\/","title":{"rendered":"Contactez-nous"},"content":{"rendered":"<div data-elementor-type=\"wp-post\" data-elementor-id=\"86\" class=\"elementor elementor-86\">\n\t\t\t\t\t\t<section class=\"elementor-section elementor-top-section elementor-element elementor-element-b222737 elementor-section-stretched elementor-section-height-min-height elementor-section-boxed elementor-section-height-default elementor-section-items-middle\" data-id=\"b222737\" data-element_type=\"section\" data-e-type=\"section\" data-settings=\"{&quot;stretch_section&quot;:&quot;section-stretched&quot;,&quot;background_background&quot;:&quot;classic&quot;}\">\n\t\t\t\t\t\t<div class=\"elementor-container elementor-column-gap-default\">\n\t\t\t\t\t<div class=\"aux-parallax-section elementor-column elementor-col-100 elementor-top-column elementor-element elementor-element-7c0f49d\" data-id=\"7c0f49d\" data-element_type=\"column\" data-e-type=\"column\">\n\t\t\t<div class=\"elementor-widget-wrap elementor-element-populated\">\n\t\t\t\t\t\t<div class=\"elementor-element elementor-element-03f8aab elementor-widget elementor-widget-aux_modern_heading\" data-id=\"03f8aab\" data-element_type=\"widget\" data-e-type=\"widget\" data-widget_type=\"aux_modern_heading.default\">\n\t\t\t\t<div class=\"elementor-widget-container\">\n\t\t\t\t\t<section class=\"aux-widget-modern-heading\">\n            <div class=\"aux-widget-inner\"><h2 class=\"aux-modern-heading-primary\">Contactez-nous<\/h2><\/div>\n        <\/section>\t\t\t\t<\/div>\n\t\t\t\t<\/div>\n\t\t\t\t<div class=\"elementor-element elementor-element-eecf71c elementor-widget elementor-widget-aux_breadcrumbs\" data-id=\"eecf71c\" data-element_type=\"widget\" data-e-type=\"widget\" data-widget_type=\"aux_breadcrumbs.default\">\n\t\t\t\t<div class=\"elementor-widget-container\">\n\t\t\t\t\t<div class=\"aux-elementor-breadcrumbs\"><p class=\"aux-breadcrumbs\"><span><span><a href=\"https:\/\/styleart.ca\/fr\/\">Accueil<\/a><\/span><\/span><\/p><\/div>\t\t\t\t<\/div>\n\t\t\t\t<\/div>\n\t\t\t\t\t<\/div>\n\t\t<\/div>\n\t\t\t\t\t<\/div>\n\t\t<\/section>\n\t\t\t\t<section class=\"elementor-section elementor-top-section elementor-element elementor-element-2ba81e11 elementor-section-stretched elementor-section-content-middle elementor-section-boxed elementor-section-height-default elementor-section-height-default\" data-id=\"2ba81e11\" data-element_type=\"section\" data-e-type=\"section\" data-settings=\"{&quot;stretch_section&quot;:&quot;section-stretched&quot;,&quot;background_background&quot;:&quot;classic&quot;}\">\n\t\t\t\t\t\t\t<div class=\"elementor-background-overlay\"><\/div>\n\t\t\t\t\t\t\t<div class=\"elementor-container elementor-column-gap-default\">\n\t\t\t\t\t<div class=\"aux-parallax-section elementor-column elementor-col-33 elementor-top-column elementor-element elementor-element-377515cf aux-appear-watch-animation aux-fade-in-up\" data-id=\"377515cf\" data-element_type=\"column\" data-e-type=\"column\">\n\t\t\t<div class=\"elementor-widget-wrap elementor-element-populated\">\n\t\t\t\t\t\t<div class=\"elementor-element elementor-element-178975f3 elementor-widget elementor-widget-aux_modern_heading\" data-id=\"178975f3\" data-element_type=\"widget\" data-e-type=\"widget\" data-widget_type=\"aux_modern_heading.default\">\n\t\t\t\t<div class=\"elementor-widget-container\">\n\t\t\t\t\t<section class=\"aux-widget-modern-heading\">\n            <div class=\"aux-widget-inner\"><h2 class=\"aux-modern-heading-primary\">NOUS CONTACTER<\/h2><h3 class=\"aux-modern-heading-secondary\"><span class=\"aux-head-before\">Entrer en contact<\/span><\/h3><div class=\"aux-modern-heading-divider\"><\/div><div class=\"aux-modern-heading-description\">Dites-nous ce dont vous avez besoin et nous serons heureux de discuter de la fa\u00e7on dont nous pouvons vous aider<\/div><\/div>\n        <\/section>\t\t\t\t<\/div>\n\t\t\t\t<\/div>\n\t\t\t\t<div class=\"elementor-element elementor-element-e5db2c7 elementor-widget elementor-widget-aux_contact_form\" data-id=\"e5db2c7\" data-element_type=\"widget\" data-e-type=\"widget\" data-widget_type=\"aux_contact_form.default\">\n\t\t\t\t<div class=\"elementor-widget-container\">\n\t\t\t\t\t<section class=\"widget-container aux-widget-contact-form aux-parent-auf488c27f\">            <div class=\"aux-col-wrapper aux-no-gutter\">\n            <!-- @TODO - The output for element here -->\n\n            \n<div class=\"wpcf7 no-js\" id=\"wpcf7-f80-o1\" lang=\"en-US\" dir=\"ltr\" data-wpcf7-id=\"80\">\n<div class=\"screen-reader-response\"><p role=\"status\" aria-live=\"polite\" aria-atomic=\"true\"><\/p> <ul><\/ul><\/div>\n<form action=\"\/fr\/wp-json\/wp\/v2\/pages\/86#wpcf7-f80-o1\" method=\"post\" class=\"wpcf7-form init\" aria-label=\"Contact form\" novalidate=\"novalidate\" data-status=\"init\" data-trp-original-action=\"\/fr\/wp-json\/wp\/v2\/pages\/86#wpcf7-f80-o1\">\n<fieldset class=\"hidden-fields-container\"><input type=\"hidden\" name=\"_wpcf7\" value=\"80\" \/><input type=\"hidden\" name=\"_wpcf7_version\" value=\"6.1.5\" \/><input type=\"hidden\" name=\"_wpcf7_locale\" value=\"en_US\" \/><input type=\"hidden\" name=\"_wpcf7_unit_tag\" value=\"wpcf7-f80-o1\" \/><input type=\"hidden\" name=\"_wpcf7_container_post\" value=\"0\" \/><input type=\"hidden\" name=\"_wpcf7_posted_data_hash\" value=\"\" \/>\n<\/fieldset>\n<div class=\"aux-arch-form-inputs\">\n<span class=\"wpcf7-form-control-wrap\" data-name=\"your-name\"><input size=\"40\" maxlength=\"400\" class=\"wpcf7-form-control wpcf7-text wpcf7-validates-as-required\" aria-required=\"true\" aria-invalid=\"false\" placeholder=\"Nom et pr\u00e9nom*\" value=\"\" type=\"text\" name=\"your-name\" \/><\/span>\n<span class=\"wpcf7-form-control-wrap\" data-name=\"your-email\"><input size=\"40\" maxlength=\"400\" class=\"wpcf7-form-control wpcf7-email wpcf7-validates-as-required wpcf7-text wpcf7-validates-as-email\" aria-required=\"true\" aria-invalid=\"false\" placeholder=\"Courriel*\" value=\"\" type=\"email\" name=\"your-email\" \/><\/span>\n<span class=\"wpcf7-form-control-wrap\" data-name=\"tel-136\"><input size=\"40\" maxlength=\"400\" class=\"wpcf7-form-control wpcf7-tel wpcf7-validates-as-required wpcf7-text wpcf7-validates-as-tel\" aria-required=\"true\" aria-invalid=\"false\" placeholder=\"Num\u00e9ro de t\u00e9l\u00e9phone*\" value=\"\" type=\"tel\" name=\"tel-136\" \/><\/span>\n<\/div>\n<div class=\"aux-arch-form-textarea\">\n<span class=\"wpcf7-form-control-wrap\" data-name=\"your-message\"><textarea cols=\"40\" rows=\"10\" maxlength=\"2000\" class=\"wpcf7-form-control wpcf7-textarea\" aria-invalid=\"false\" placeholder=\"Message\" name=\"your-message\"><\/textarea><\/span>\n<\/div>\n<input class=\"wpcf7-form-control wpcf7-submit has-spinner\" type=\"submit\" value=\"Envoyer le message\" \/><div class=\"wpcf7-response-output\" aria-hidden=\"true\"><\/div>\n<input type=\"hidden\" name=\"trp-form-language\" value=\"fr\"\/><\/form>\n<\/div>\n\n\n            <\/div><!-- aux-col-wrapper -->\n    <\/section><!-- widget-container -->\t\t\t\t<\/div>\n\t\t\t\t<\/div>\n\t\t\t\t\t<\/div>\n\t\t<\/div>\n\t\t\t\t<div class=\"aux-parallax-section elementor-column elementor-col-33 elementor-top-column elementor-element elementor-element-5f7d5e2f\" data-id=\"5f7d5e2f\" data-element_type=\"column\" data-e-type=\"column\">\n\t\t\t<div class=\"elementor-widget-wrap\">\n\t\t\t\t\t\t\t<\/div>\n\t\t<\/div>\n\t\t\t\t<div class=\"aux-parallax-section elementor-column elementor-col-33 elementor-top-column elementor-element elementor-element-1c59af4f aux-appear-watch-animation aux-fade-in-up-1\" data-id=\"1c59af4f\" data-element_type=\"column\" data-e-type=\"column\">\n\t\t\t<div class=\"elementor-widget-wrap elementor-element-populated\">\n\t\t\t\t\t\t<div class=\"elementor-element elementor-element-878546a aux-arch-home-info-box elementor-widget elementor-widget-text-editor\" data-id=\"878546a\" data-element_type=\"widget\" data-e-type=\"widget\" data-widget_type=\"text-editor.default\">\n\t\t\t\t<div class=\"elementor-widget-container\">\n\t\t\t\t\t\t\t\t\t<h4 class=\"margin\"><span style=\"color: #de4336;\">Anca Bogza Titei<\/span><\/h4>\n<h6 class=\"margin\">Interior Designer<\/h6>\n<h6>Certifi\u00e9e\u00a0APDIQ\u00a0\u00ae<\/h6>\n<h6>Style &amp; Art inc.,<br \/>\nMontr\u00e9al<\/h6>\n<p><span class=\"auxicon-phone-classic-on margin\"> 514 781-9187<\/span><\/p>\n<div class=\"auxicon-mail-3 margin\"> <span id=\"eeb-63648-302509\"><\/span><script type=\"text\/javascript\">(function(){var ml=\"0-Dsl2%enay4og3ktCAmcrfF.Ehi\",mi=\"6>A9650JE7F6>2655C9K4@<6>B98D9H3@:479E@6;0=C9K4HD<C655650D49336>2655C9K414K8?6556>I98D9H3@:479E@6;0=C9K4HD<C6>A65G96>I\",o=\"\";for(var j=0,l=mi.length;j<l;j++){o+=ml.charAt(mi.charCodeAt(j)-48);}document.getElementById(\"eeb-63648-302509\").innerHTML = decodeURIComponent(o);}());<\/script><noscript>*protected email*<\/noscript><\/div>\t\t\t\t\t\t\t\t<\/div>\n\t\t\t\t<\/div>\n\t\t\t\t\t<\/div>\n\t\t<\/div>\n\t\t\t\t\t<\/div>\n\t\t<\/section>\n\t\t\t\t<\/div>","protected":false},"excerpt":{"rendered":"<p>Contact Us Home CONTACT US Get in touch Tell us what you need and we&#8217;ll be glad to talk about how we can help you. Anca Bogza Titei Interior Designer Certified member APDIQ Style &amp; Art inc., Montreal 514 781-9187 *protected email*<\/p>","protected":false},"author":1,"featured_media":0,"parent":0,"menu_order":0,"comment_status":"closed","ping_status":"closed","template":"templates\/page-builder-content.php","meta":{"footnotes":""},"class_list":["post-86","page","type-page","status-publish","hentry"],"yoast_head":"<!-- This site is optimized with the Yoast SEO plugin v27.5 - https:\/\/yoast.com\/product\/yoast-seo-wordpress\/ -->\n<title>Contact Us - Style&amp;Art Interior Design<\/title>\n<meta name=\"robots\" content=\"index, follow, max-snippet:-1, max-image-preview:large, max-video-preview:-1\" \/>\n<link rel=\"canonical\" href=\"https:\/\/styleart.ca\/fr\/contact-us\/\" \/>\n<meta property=\"og:locale\" content=\"fr_CA\" \/>\n<meta property=\"og:type\" content=\"article\" \/>\n<meta property=\"og:title\" content=\"Contact Us - Style&amp;Art Interior Design\" \/>\n<meta property=\"og:description\" content=\"Contact Us Home CONTACT US Get in touch Tell us what you need and we&#8217;ll be glad to talk about how we can help you. Anca Bogza Titei Interior Designer Certified member APDIQ Style &amp; Art inc., Montreal 514 781-9187 *protected email*\" \/>\n<meta property=\"og:url\" content=\"https:\/\/styleart.ca\/fr\/contact-us\/\" \/>\n<meta property=\"og:site_name\" content=\"Style&amp;Art Interior Design\" \/>\n<meta property=\"article:modified_time\" content=\"2021-12-05T20:41:31+00:00\" \/>\n<meta name=\"twitter:card\" content=\"summary_large_image\" \/>\n<meta name=\"twitter:label1\" content=\"Estimation du temps de lecture\" \/>\n\t<meta name=\"twitter:data1\" content=\"1 minute\" \/>\n<script type=\"application\/ld+json\" class=\"yoast-schema-graph\">{\"@context\":\"https:\\\/\\\/schema.org\",\"@graph\":[{\"@type\":\"WebPage\",\"@id\":\"https:\\\/\\\/styleart.ca\\\/contact-us\\\/\",\"url\":\"https:\\\/\\\/styleart.ca\\\/contact-us\\\/\",\"name\":\"Contact Us - Style&amp;Art Interior Design\",\"isPartOf\":{\"@id\":\"https:\\\/\\\/styleart.ca\\\/#website\"},\"datePublished\":\"2018-06-19T10:44:49+00:00\",\"dateModified\":\"2021-12-05T20:41:31+00:00\",\"breadcrumb\":{\"@id\":\"https:\\\/\\\/styleart.ca\\\/contact-us\\\/#breadcrumb\"},\"inLanguage\":\"fr-CA\",\"potentialAction\":[{\"@type\":\"ReadAction\",\"target\":[\"https:\\\/\\\/styleart.ca\\\/contact-us\\\/\"]}]},{\"@type\":\"BreadcrumbList\",\"@id\":\"https:\\\/\\\/styleart.ca\\\/contact-us\\\/#breadcrumb\",\"itemListElement\":[{\"@type\":\"ListItem\",\"position\":1,\"name\":\"Home\",\"item\":\"https:\\\/\\\/styleart.ca\\\/\"},{\"@type\":\"ListItem\",\"position\":2,\"name\":\"Contact Us\"}]},{\"@type\":\"WebSite\",\"@id\":\"https:\\\/\\\/styleart.ca\\\/#website\",\"url\":\"https:\\\/\\\/styleart.ca\\\/\",\"name\":\"Style&amp;Art Interior Design\",\"description\":\"If you dream it, we can design it.\",\"publisher\":{\"@id\":\"https:\\\/\\\/styleart.ca\\\/#organization\"},\"potentialAction\":[{\"@type\":\"SearchAction\",\"target\":{\"@type\":\"EntryPoint\",\"urlTemplate\":\"https:\\\/\\\/styleart.ca\\\/?s={search_term_string}\"},\"query-input\":{\"@type\":\"PropertyValueSpecification\",\"valueRequired\":true,\"valueName\":\"search_term_string\"}}],\"inLanguage\":\"fr-CA\"},{\"@type\":\"Organization\",\"@id\":\"https:\\\/\\\/styleart.ca\\\/#organization\",\"name\":\"Style&amp;Art Interior Design\",\"url\":\"https:\\\/\\\/styleart.ca\\\/\",\"logo\":{\"@type\":\"ImageObject\",\"inLanguage\":\"fr-CA\",\"@id\":\"https:\\\/\\\/styleart.ca\\\/#\\\/schema\\\/logo\\\/image\\\/\",\"url\":\"https:\\\/\\\/styleart.ca\\\/wp-content\\\/uploads\\\/2021\\\/10\\\/style-art-logo.png\",\"contentUrl\":\"https:\\\/\\\/styleart.ca\\\/wp-content\\\/uploads\\\/2021\\\/10\\\/style-art-logo.png\",\"width\":211,\"height\":68,\"caption\":\"Style&amp;Art Interior Design\"},\"image\":{\"@id\":\"https:\\\/\\\/styleart.ca\\\/#\\\/schema\\\/logo\\\/image\\\/\"}}]}<\/script>\n<!-- \/ Yoast SEO plugin. -->","yoast_head_json":{"title":"Contact Us - Style&amp;Art Interior Design","robots":{"index":"index","follow":"follow","max-snippet":"max-snippet:-1","max-image-preview":"max-image-preview:large","max-video-preview":"max-video-preview:-1"},"canonical":"https:\/\/styleart.ca\/fr\/contact-us\/","og_locale":"fr_CA","og_type":"article","og_title":"Contact Us - Style&amp;Art Interior Design","og_description":"Contact Us Home CONTACT US Get in touch Tell us what you need and we&#8217;ll be glad to talk about how we can help you. Anca Bogza Titei Interior Designer Certified member APDIQ Style &amp; Art inc., Montreal 514 781-9187 *protected email*","og_url":"https:\/\/styleart.ca\/fr\/contact-us\/","og_site_name":"Style&amp;Art Interior Design","article_modified_time":"2021-12-05T20:41:31+00:00","twitter_card":"summary_large_image","twitter_misc":{"Estimation du temps de lecture":"1 minute"},"schema":{"@context":"https:\/\/schema.org","@graph":[{"@type":"WebPage","@id":"https:\/\/styleart.ca\/contact-us\/","url":"https:\/\/styleart.ca\/contact-us\/","name":"Contact Us - Style&amp;Art Interior Design","isPartOf":{"@id":"https:\/\/styleart.ca\/#website"},"datePublished":"2018-06-19T10:44:49+00:00","dateModified":"2021-12-05T20:41:31+00:00","breadcrumb":{"@id":"https:\/\/styleart.ca\/contact-us\/#breadcrumb"},"inLanguage":"fr-CA","potentialAction":[{"@type":"ReadAction","target":["https:\/\/styleart.ca\/contact-us\/"]}]},{"@type":"BreadcrumbList","@id":"https:\/\/styleart.ca\/contact-us\/#breadcrumb","itemListElement":[{"@type":"ListItem","position":1,"name":"Home","item":"https:\/\/styleart.ca\/"},{"@type":"ListItem","position":2,"name":"Contact Us"}]},{"@type":"WebSite","@id":"https:\/\/styleart.ca\/#website","url":"https:\/\/styleart.ca\/","name":"Style&amp;Art Design D'Interieur","description":"Si vous le r\u00eavez, nous pouvons le concevoir.","publisher":{"@id":"https:\/\/styleart.ca\/#organization"},"potentialAction":[{"@type":"SearchAction","target":{"@type":"EntryPoint","urlTemplate":"https:\/\/styleart.ca\/?s={search_term_string}"},"query-input":{"@type":"PropertyValueSpecification","valueRequired":true,"valueName":"search_term_string"}}],"inLanguage":"fr-CA"},{"@type":"Organization","@id":"https:\/\/styleart.ca\/#organization","name":"Style&amp;Art Design D'Interieur","url":"https:\/\/styleart.ca\/","logo":{"@type":"ImageObject","inLanguage":"fr-CA","@id":"https:\/\/styleart.ca\/#\/schema\/logo\/image\/","url":"https:\/\/styleart.ca\/wp-content\/uploads\/2021\/10\/style-art-logo.png","contentUrl":"https:\/\/styleart.ca\/wp-content\/uploads\/2021\/10\/style-art-logo.png","width":211,"height":68,"caption":"Style&amp;Art Interior Design"},"image":{"@id":"https:\/\/styleart.ca\/#\/schema\/logo\/image\/"}}]}},"_links":{"self":[{"href":"https:\/\/styleart.ca\/fr\/wp-json\/wp\/v2\/pages\/86","targetHints":{"allow":["GET"]}}],"collection":[{"href":"https:\/\/styleart.ca\/fr\/wp-json\/wp\/v2\/pages"}],"about":[{"href":"https:\/\/styleart.ca\/fr\/wp-json\/wp\/v2\/types\/page"}],"author":[{"embeddable":true,"href":"https:\/\/styleart.ca\/fr\/wp-json\/wp\/v2\/users\/1"}],"replies":[{"embeddable":true,"href":"https:\/\/styleart.ca\/fr\/wp-json\/wp\/v2\/comments?post=86"}],"version-history":[{"count":75,"href":"https:\/\/styleart.ca\/fr\/wp-json\/wp\/v2\/pages\/86\/revisions"}],"predecessor-version":[{"id":1197,"href":"https:\/\/styleart.ca\/fr\/wp-json\/wp\/v2\/pages\/86\/revisions\/1197"}],"wp:attachment":[{"href":"https:\/\/styleart.ca\/fr\/wp-json\/wp\/v2\/media?parent=86"}],"curies":[{"name":"wp","href":"https:\/\/api.w.org\/{rel}","templated":true}]}}