{"id":87,"date":"2018-06-19T10:44:17","date_gmt":"2018-06-19T10:44:17","guid":{"rendered":"https:\/\/styleart.ca\/about-us\/"},"modified":"2024-10-31T21:03:50","modified_gmt":"2024-10-31T21:03:50","slug":"about-us","status":"publish","type":"page","link":"https:\/\/styleart.ca\/fr\/about-us\/","title":{"rendered":"\u00c0 propos de nous"},"content":{"rendered":"<div data-elementor-type=\"wp-page\" data-elementor-id=\"87\" class=\"elementor elementor-87\">\n\t\t\t\t\t\t<section class=\"elementor-section elementor-top-section elementor-element elementor-element-92382bf elementor-section-boxed elementor-section-height-default elementor-section-height-default\" data-id=\"92382bf\" data-element_type=\"section\" data-e-type=\"section\">\n\t\t\t\t\t\t<div class=\"elementor-container elementor-column-gap-default\">\n\t\t\t\t\t<div class=\"aux-parallax-section elementor-column elementor-col-100 elementor-top-column elementor-element elementor-element-53775ab\" data-id=\"53775ab\" data-element_type=\"column\" data-e-type=\"column\">\n\t\t\t<div class=\"elementor-widget-wrap elementor-element-populated\">\n\t\t\t\t\t\t<div class=\"elementor-element elementor-element-65ae90d0 elementor-widget elementor-widget-aux_modern_heading\" data-id=\"65ae90d0\" data-element_type=\"widget\" data-e-type=\"widget\" data-widget_type=\"aux_modern_heading.default\">\n\t\t\t\t<div class=\"elementor-widget-container\">\n\t\t\t\t\t<section class=\"aux-widget-modern-heading\">\n            <div class=\"aux-widget-inner\"><h2 class=\"aux-modern-heading-primary\">A propos de nous<\/h2><\/div>\n        <\/section>\t\t\t\t<\/div>\n\t\t\t\t<\/div>\n\t\t\t\t<div class=\"elementor-element elementor-element-8b41f70 elementor-widget elementor-widget-aux_breadcrumbs\" data-id=\"8b41f70\" data-element_type=\"widget\" data-e-type=\"widget\" data-widget_type=\"aux_breadcrumbs.default\">\n\t\t\t\t<div class=\"elementor-widget-container\">\n\t\t\t\t\t<div class=\"aux-elementor-breadcrumbs\"><p class=\"aux-breadcrumbs\"><span><span><a href=\"https:\/\/styleart.ca\/fr\/\">Accueil<\/a><\/span><\/span><\/p><\/div>\t\t\t\t<\/div>\n\t\t\t\t<\/div>\n\t\t\t\t\t<\/div>\n\t\t<\/div>\n\t\t\t\t\t<\/div>\n\t\t<\/section>\n\t\t\t\t<section class=\"elementor-section elementor-top-section elementor-element elementor-element-ca2a472 elementor-section-content-middle elementor-section-boxed elementor-section-height-default elementor-section-height-default\" data-id=\"ca2a472\" data-element_type=\"section\" data-e-type=\"section\">\n\t\t\t\t\t\t<div class=\"elementor-container elementor-column-gap-default\">\n\t\t\t\t\t<div class=\"aux-parallax-section elementor-column elementor-col-50 elementor-top-column elementor-element elementor-element-2ce959dd\" data-id=\"2ce959dd\" data-element_type=\"column\" data-e-type=\"column\">\n\t\t\t<div class=\"elementor-widget-wrap elementor-element-populated\">\n\t\t\t\t\t\t<div class=\"elementor-element elementor-element-49d9de1 aux-appear-watch-animation aux-fade-in-up elementor-widget elementor-widget-aux_modern_heading\" data-id=\"49d9de1\" data-element_type=\"widget\" data-e-type=\"widget\" data-widget_type=\"aux_modern_heading.default\">\n\t\t\t\t<div class=\"elementor-widget-container\">\n\t\t\t\t\t<section class=\"aux-widget-modern-heading\">\n            <div class=\"aux-widget-inner\"><h2 class=\"aux-modern-heading-primary\">Une expertise multiple qui se d\u00e9marque<\/h2><h3 class=\"aux-modern-heading-secondary\"><span class=\"aux-head-before\">Anca Bogza Titei<\/span><\/h3><div class=\"aux-modern-heading-divider\"><\/div><div class=\"aux-modern-heading-description\"><p><strong><a href=\"https:\/\/int.design\/en\/projects\/reflected-ceiling-for-the-lobby-monit-building1000-sherbrooke-west\/\"><img decoding=\"async\" class=\"size-full wp-image-1546 alignleft\" src=\"https:\/\/styleart.ca\/wp-content\/uploads\/2024\/09\/logo-certificationbronze-17eedition-signature.png\" alt=\"Grand Prix Du Design 2024\" width=\"140\" height=\"75\" srcset=\"https:\/\/styleart.ca\/wp-content\/uploads\/2024\/09\/logo-certificationbronze-17eedition-signature.png 140w, https:\/\/styleart.ca\/wp-content\/uploads\/2024\/09\/logo-certificationbronze-17eedition-signature-18x10.png 18w\" sizes=\"(max-width: 140px) 100vw, 140px\" \/><\/a><a href=\"https:\/\/int.design\/en\/projects\/reflected-ceiling-for-the-lobby-monit-building1000-sherbrooke-west\/\">Recipient of the Bronze at the Grand Prix Design, 2024 Edition<\/a><\/strong><\/p>\n<p>Ayant grandi dans une famille d\u2019artistes, Anca compl\u00e8te ses \u00e9tudes en <strong>ing\u00e9nierie civile<\/strong> et obtient un <strong>baccalaur\u00e9at en Arts<\/strong> en Roumanie.<\/p>\n<p>Elle d\u00e9m\u00e9nage au Canada en 2003 et d\u00e9croche son <strong>dipl\u00f4me en design d\u2019int\u00e9rieur<\/strong> \u00e0 Montr\u00e9al, ajoutant ainsi \u00e0 son riche parcours acad\u00e9mique. Ce profil multidimensionnel combinant <strong>ing\u00e9nierie, arts et design d\u2019int\u00e9rieur<\/strong> lui permet de concevoir des projets \u00e0 la fois cr\u00e9atifs et durables. De plus, ses exp\u00e9riences professionnelles en Europe et en Am\u00e9rique du Nord lui permettent de mieux comprendre les besoins d\u2019une plus grande vari\u00e9t\u00e9 de clients.<\/p>\n<p>Organis\u00e9e, m\u00e9thodique et perfectionniste dans l\u2019\u00e2me, sa vision est bas\u00e9e sur un ensemble de comp\u00e9tences techniques et artistiques. Les projets d\u2019Anca sont men\u00e9s avec soin et cr\u00e9ativit\u00e9, ce qui permet \u00e0 sa client\u00e8le de se d\u00e9marquer par un environnement ergonomique, raffin\u00e9 et bien pens\u00e9.<\/p><\/div><\/div>\n        <\/section>\t\t\t\t<\/div>\n\t\t\t\t<\/div>\n\t\t\t\t\t<\/div>\n\t\t<\/div>\n\t\t\t\t<div class=\"aux-parallax-section elementor-column elementor-col-50 elementor-top-column elementor-element elementor-element-1d8d0f19 aux-appear-watch-animation aux-scale-down\" data-id=\"1d8d0f19\" data-element_type=\"column\" data-e-type=\"column\">\n\t\t\t<div class=\"elementor-widget-wrap elementor-element-populated\">\n\t\t\t\t\t\t<div class=\"elementor-element elementor-element-2d5cedba elementor-widget elementor-widget-aux_image\" data-id=\"2d5cedba\" data-element_type=\"widget\" data-e-type=\"widget\" data-widget_type=\"aux_image.default\">\n\t\t\t\t<div class=\"elementor-widget-container\">\n\t\t\t\t\t<section class=\"widget-container aux-widget-image aux-alignnone aux-parent-auc6430fcf\">\n    <div class=\"aux-media-hint-frame\">\n        <div class=\"aux-media-image\" >\n        \n            \n\n            \n            <img fetchpriority=\"high\" decoding=\"async\" width=\"467\" height=\"700\" src=\"data:image\/gif;base64,R0lGODlhAQABAIAAAAAAAP\/\/\/yH5BAEAAAAALAAAAAABAAEAAAIBRAA7\" class=\"aux-attachment aux-featured-image aux-attachment-id-1585 aux-preload aux-blank\" alt=\"Anca Bogza Titei, interior-designer\" data-ratio=\"0.67\" data-original-w=\"467\" data-src=\"https:\/\/styleart.ca\/wp-content\/uploads\/2024\/10\/anca-bogza-titei-interior-designer-2.jpg\" \/>            \n                <\/div>\n    <\/div>\n\n<\/section><!-- widget-container -->\t\t\t\t<\/div>\n\t\t\t\t<\/div>\n\t\t\t\t\t<\/div>\n\t\t<\/div>\n\t\t\t\t\t<\/div>\n\t\t<\/section>\n\t\t\t\t<\/div>","protected":false},"excerpt":{"rendered":"<p>About US Multiple areas of expertise that stands out Anca Bogza Titei Recipient of the Bronze at the Grand Prix Design, 2024 Edition Raised in a family of artists, Anca successfully completed her studies in Civil Engineering and obtained a bachelor\u2019s degree in Arts in Romania. She later moved to Canada in 2003 and obtained [&hellip;]<\/p>\n","protected":false},"author":1,"featured_media":0,"parent":0,"menu_order":0,"comment_status":"closed","ping_status":"closed","template":"templates\/page-builder-content.php","meta":{"footnotes":""},"class_list":["post-87","page","type-page","status-publish","hentry"],"yoast_head":"<!-- This site is optimized with the Yoast SEO plugin v27.4 - https:\/\/yoast.com\/product\/yoast-seo-wordpress\/ -->\n<title>About Us - Style&amp;Art Interior Design<\/title>\n<meta name=\"robots\" content=\"index, follow, max-snippet:-1, max-image-preview:large, max-video-preview:-1\" \/>\n<link rel=\"canonical\" href=\"https:\/\/styleart.ca\/fr\/about-us\/\" \/>\n<meta property=\"og:locale\" content=\"fr_CA\" \/>\n<meta property=\"og:type\" content=\"article\" \/>\n<meta property=\"og:title\" content=\"About Us - Style&amp;Art Interior Design\" \/>\n<meta property=\"og:description\" content=\"About US Multiple areas of expertise that stands out Anca Bogza Titei Recipient of the Bronze at the Grand Prix Design, 2024 Edition Raised in a family of artists, Anca successfully completed her studies in Civil Engineering and obtained a bachelor\u2019s degree in Arts in Romania. She later moved to Canada in 2003 and obtained [&hellip;]\" \/>\n<meta property=\"og:url\" content=\"https:\/\/styleart.ca\/fr\/about-us\/\" \/>\n<meta property=\"og:site_name\" content=\"Style&amp;Art Interior Design\" \/>\n<meta property=\"article:modified_time\" content=\"2024-10-31T21:03:50+00:00\" \/>\n<meta property=\"og:image\" content=\"https:\/\/styleart.ca\/wp-content\/uploads\/2024\/09\/logo-certificationbronze-17eedition-signature.png\" \/>\n\t<meta property=\"og:image:width\" content=\"140\" \/>\n\t<meta property=\"og:image:height\" content=\"75\" \/>\n\t<meta property=\"og:image:type\" content=\"image\/png\" \/>\n<meta name=\"twitter:card\" content=\"summary_large_image\" \/>\n<meta name=\"twitter:label1\" content=\"Estimation du temps de lecture\" \/>\n\t<meta name=\"twitter:data1\" content=\"2 minutes\" \/>\n<script type=\"application\/ld+json\" class=\"yoast-schema-graph\">{\"@context\":\"https:\\\/\\\/schema.org\",\"@graph\":[{\"@type\":\"WebPage\",\"@id\":\"https:\\\/\\\/styleart.ca\\\/about-us\\\/\",\"url\":\"https:\\\/\\\/styleart.ca\\\/about-us\\\/\",\"name\":\"About Us - Style&amp;Art Interior Design\",\"isPartOf\":{\"@id\":\"https:\\\/\\\/styleart.ca\\\/#website\"},\"primaryImageOfPage\":{\"@id\":\"https:\\\/\\\/styleart.ca\\\/about-us\\\/#primaryimage\"},\"image\":{\"@id\":\"https:\\\/\\\/styleart.ca\\\/about-us\\\/#primaryimage\"},\"thumbnailUrl\":\"https:\\\/\\\/styleart.ca\\\/wp-content\\\/uploads\\\/2024\\\/09\\\/logo-certificationbronze-17eedition-signature.png\",\"datePublished\":\"2018-06-19T10:44:17+00:00\",\"dateModified\":\"2024-10-31T21:03:50+00:00\",\"breadcrumb\":{\"@id\":\"https:\\\/\\\/styleart.ca\\\/about-us\\\/#breadcrumb\"},\"inLanguage\":\"fr-CA\",\"potentialAction\":[{\"@type\":\"ReadAction\",\"target\":[\"https:\\\/\\\/styleart.ca\\\/about-us\\\/\"]}]},{\"@type\":\"ImageObject\",\"inLanguage\":\"fr-CA\",\"@id\":\"https:\\\/\\\/styleart.ca\\\/about-us\\\/#primaryimage\",\"url\":\"https:\\\/\\\/styleart.ca\\\/wp-content\\\/uploads\\\/2024\\\/09\\\/logo-certificationbronze-17eedition-signature.png\",\"contentUrl\":\"https:\\\/\\\/styleart.ca\\\/wp-content\\\/uploads\\\/2024\\\/09\\\/logo-certificationbronze-17eedition-signature.png\"},{\"@type\":\"BreadcrumbList\",\"@id\":\"https:\\\/\\\/styleart.ca\\\/about-us\\\/#breadcrumb\",\"itemListElement\":[{\"@type\":\"ListItem\",\"position\":1,\"name\":\"Home\",\"item\":\"https:\\\/\\\/styleart.ca\\\/\"},{\"@type\":\"ListItem\",\"position\":2,\"name\":\"About Us\"}]},{\"@type\":\"WebSite\",\"@id\":\"https:\\\/\\\/styleart.ca\\\/#website\",\"url\":\"https:\\\/\\\/styleart.ca\\\/\",\"name\":\"Style&amp;Art Interior Design\",\"description\":\"If you dream it, we can design it.\",\"publisher\":{\"@id\":\"https:\\\/\\\/styleart.ca\\\/#organization\"},\"potentialAction\":[{\"@type\":\"SearchAction\",\"target\":{\"@type\":\"EntryPoint\",\"urlTemplate\":\"https:\\\/\\\/styleart.ca\\\/?s={search_term_string}\"},\"query-input\":{\"@type\":\"PropertyValueSpecification\",\"valueRequired\":true,\"valueName\":\"search_term_string\"}}],\"inLanguage\":\"fr-CA\"},{\"@type\":\"Organization\",\"@id\":\"https:\\\/\\\/styleart.ca\\\/#organization\",\"name\":\"Style&amp;Art Interior Design\",\"url\":\"https:\\\/\\\/styleart.ca\\\/\",\"logo\":{\"@type\":\"ImageObject\",\"inLanguage\":\"fr-CA\",\"@id\":\"https:\\\/\\\/styleart.ca\\\/#\\\/schema\\\/logo\\\/image\\\/\",\"url\":\"https:\\\/\\\/styleart.ca\\\/wp-content\\\/uploads\\\/2021\\\/10\\\/style-art-logo.png\",\"contentUrl\":\"https:\\\/\\\/styleart.ca\\\/wp-content\\\/uploads\\\/2021\\\/10\\\/style-art-logo.png\",\"width\":211,\"height\":68,\"caption\":\"Style&amp;Art Interior Design\"},\"image\":{\"@id\":\"https:\\\/\\\/styleart.ca\\\/#\\\/schema\\\/logo\\\/image\\\/\"}}]}<\/script>\n<!-- \/ Yoast SEO plugin. -->","yoast_head_json":{"title":"About Us - Style&amp;Art Interior Design","robots":{"index":"index","follow":"follow","max-snippet":"max-snippet:-1","max-image-preview":"max-image-preview:large","max-video-preview":"max-video-preview:-1"},"canonical":"https:\/\/styleart.ca\/fr\/about-us\/","og_locale":"fr_CA","og_type":"article","og_title":"About Us - Style&amp;Art Interior Design","og_description":"About US Multiple areas of expertise that stands out Anca Bogza Titei Recipient of the Bronze at the Grand Prix Design, 2024 Edition Raised in a family of artists, Anca successfully completed her studies in Civil Engineering and obtained a bachelor\u2019s degree in Arts in Romania. She later moved to Canada in 2003 and obtained [&hellip;]","og_url":"https:\/\/styleart.ca\/fr\/about-us\/","og_site_name":"Style&amp;Art Interior Design","article_modified_time":"2024-10-31T21:03:50+00:00","og_image":[{"width":140,"height":75,"url":"https:\/\/styleart.ca\/wp-content\/uploads\/2024\/09\/logo-certificationbronze-17eedition-signature.png","type":"image\/png"}],"twitter_card":"summary_large_image","twitter_misc":{"Estimation du temps de lecture":"2 minutes"},"schema":{"@context":"https:\/\/schema.org","@graph":[{"@type":"WebPage","@id":"https:\/\/styleart.ca\/about-us\/","url":"https:\/\/styleart.ca\/about-us\/","name":"About Us - Style&amp;Art Interior Design","isPartOf":{"@id":"https:\/\/styleart.ca\/#website"},"primaryImageOfPage":{"@id":"https:\/\/styleart.ca\/about-us\/#primaryimage"},"image":{"@id":"https:\/\/styleart.ca\/about-us\/#primaryimage"},"thumbnailUrl":"https:\/\/styleart.ca\/wp-content\/uploads\/2024\/09\/logo-certificationbronze-17eedition-signature.png","datePublished":"2018-06-19T10:44:17+00:00","dateModified":"2024-10-31T21:03:50+00:00","breadcrumb":{"@id":"https:\/\/styleart.ca\/about-us\/#breadcrumb"},"inLanguage":"fr-CA","potentialAction":[{"@type":"ReadAction","target":["https:\/\/styleart.ca\/about-us\/"]}]},{"@type":"ImageObject","inLanguage":"fr-CA","@id":"https:\/\/styleart.ca\/about-us\/#primaryimage","url":"https:\/\/styleart.ca\/wp-content\/uploads\/2024\/09\/logo-certificationbronze-17eedition-signature.png","contentUrl":"https:\/\/styleart.ca\/wp-content\/uploads\/2024\/09\/logo-certificationbronze-17eedition-signature.png"},{"@type":"BreadcrumbList","@id":"https:\/\/styleart.ca\/about-us\/#breadcrumb","itemListElement":[{"@type":"ListItem","position":1,"name":"Home","item":"https:\/\/styleart.ca\/"},{"@type":"ListItem","position":2,"name":"About Us"}]},{"@type":"WebSite","@id":"https:\/\/styleart.ca\/#website","url":"https:\/\/styleart.ca\/","name":"Style&amp;Art Design D'Interieur","description":"Si vous le r\u00eavez, nous pouvons le concevoir.","publisher":{"@id":"https:\/\/styleart.ca\/#organization"},"potentialAction":[{"@type":"SearchAction","target":{"@type":"EntryPoint","urlTemplate":"https:\/\/styleart.ca\/?s={search_term_string}"},"query-input":{"@type":"PropertyValueSpecification","valueRequired":true,"valueName":"search_term_string"}}],"inLanguage":"fr-CA"},{"@type":"Organization","@id":"https:\/\/styleart.ca\/#organization","name":"Style&amp;Art Design D'Interieur","url":"https:\/\/styleart.ca\/","logo":{"@type":"ImageObject","inLanguage":"fr-CA","@id":"https:\/\/styleart.ca\/#\/schema\/logo\/image\/","url":"https:\/\/styleart.ca\/wp-content\/uploads\/2021\/10\/style-art-logo.png","contentUrl":"https:\/\/styleart.ca\/wp-content\/uploads\/2021\/10\/style-art-logo.png","width":211,"height":68,"caption":"Style&amp;Art Interior Design"},"image":{"@id":"https:\/\/styleart.ca\/#\/schema\/logo\/image\/"}}]}},"_links":{"self":[{"href":"https:\/\/styleart.ca\/fr\/wp-json\/wp\/v2\/pages\/87","targetHints":{"allow":["GET"]}}],"collection":[{"href":"https:\/\/styleart.ca\/fr\/wp-json\/wp\/v2\/pages"}],"about":[{"href":"https:\/\/styleart.ca\/fr\/wp-json\/wp\/v2\/types\/page"}],"author":[{"embeddable":true,"href":"https:\/\/styleart.ca\/fr\/wp-json\/wp\/v2\/users\/1"}],"replies":[{"embeddable":true,"href":"https:\/\/styleart.ca\/fr\/wp-json\/wp\/v2\/comments?post=87"}],"version-history":[{"count":74,"href":"https:\/\/styleart.ca\/fr\/wp-json\/wp\/v2\/pages\/87\/revisions"}],"predecessor-version":[{"id":1596,"href":"https:\/\/styleart.ca\/fr\/wp-json\/wp\/v2\/pages\/87\/revisions\/1596"}],"wp:attachment":[{"href":"https:\/\/styleart.ca\/fr\/wp-json\/wp\/v2\/media?parent=87"}],"curies":[{"name":"wp","href":"https:\/\/api.w.org\/{rel}","templated":true}]}}